{"id":7762,"date":"2024-01-02T22:22:47","date_gmt":"2024-01-03T03:22:47","guid":{"rendered":"https:\/\/cosse.com.co\/productos\/"},"modified":"2024-03-15T16:20:22","modified_gmt":"2024-03-15T21:20:22","slug":"productos","status":"publish","type":"page","link":"https:\/\/cosse.com.co\/es\/productos\/","title":{"rendered":"Productos"},"content":{"rendered":"\t\t<div data-elementor-type=\"wp-page\" data-elementor-id=\"7762\" class=\"elementor elementor-7762 elementor-4702\" data-elementor-post-type=\"page\">\n\t\t\t\t<div class=\"elementor-element elementor-element-75905e9 e-flex e-con-boxed lakit-col-width-auto-no e-container e-root-container elementor-top-section e-con e-parent\" data-id=\"75905e9\" data-element_type=\"container\" data-settings=\"{&quot;background_background&quot;:&quot;classic&quot;}\">\n\t\t\t\t\t<div class=\"e-con-inner\">\n\t\t\t\t<div class=\"elementor-element elementor-element-524534b elementor-invisible elementor-widget elementor-widget-heading\" data-id=\"524534b\" data-element_type=\"widget\" data-settings=\"{&quot;_animation&quot;:&quot;lakitShortFadeInUp&quot;,&quot;_animation_delay&quot;:200}\" data-widget_type=\"heading.default\">\n\t\t\t\t<div class=\"elementor-widget-container\">\n\t\t\t\t\t<h4 class=\"elementor-heading-title elementor-size-default\">Categor\u00edas<\/h4>\t\t\t\t<\/div>\n\t\t\t\t<\/div>\n\t\t\t\t<div class=\"elementor-element elementor-element-570b7af elementor-invisible elementor-widget elementor-widget-heading\" data-id=\"570b7af\" data-element_type=\"widget\" data-settings=\"{&quot;_animation&quot;:&quot;lakitShortFadeInUp&quot;,&quot;_animation_delay&quot;:300}\" data-widget_type=\"heading.default\">\n\t\t\t\t<div class=\"elementor-widget-container\">\n\t\t\t\t\t<h2 class=\"elementor-heading-title elementor-size-default\">Innovamos y creamos calidad<\/h2>\t\t\t\t<\/div>\n\t\t\t\t<\/div>\n\t\t\t\t\t<\/div>\n\t\t\t\t<\/div>\n\t\t<div class=\"elementor-element elementor-element-d1e31ca e-con-full e-flex lakit-col-width-auto-no e-container e-root-container elementor-top-section e-con e-parent\" data-id=\"d1e31ca\" data-element_type=\"container\" data-settings=\"{&quot;background_background&quot;:&quot;classic&quot;}\">\n\t\t\t\t<div class=\"elementor-element elementor-element-e8fe9fe elementor-widget-mobile__width-auto elementor-invisible elementor-widget elementor-widget-heading\" data-id=\"e8fe9fe\" data-element_type=\"widget\" data-settings=\"{&quot;_animation&quot;:&quot;lakitShortFadeInUp&quot;,&quot;_animation_delay&quot;:300}\" data-widget_type=\"heading.default\">\n\t\t\t\t<div class=\"elementor-widget-container\">\n\t\t\t\t\t<h2 class=\"elementor-heading-title elementor-size-default\">Camas<\/h2>\t\t\t\t<\/div>\n\t\t\t\t<\/div>\n\t\t<div class=\"elementor-element elementor-element-4695cd3 e-con-full e-flex lakit-col-width-auto-no e-container e-con e-child\" data-id=\"4695cd3\" data-element_type=\"container\" data-settings=\"{&quot;background_background&quot;:&quot;classic&quot;}\">\n\t\t\t\t<div class=\"elementor-element elementor-element-b7d8b27 elementor-widget-mobile__width-inherit elementor-widget elementor-widget-text-editor\" data-id=\"b7d8b27\" data-element_type=\"widget\" data-widget_type=\"text-editor.default\">\n\t\t\t\t<div class=\"elementor-widget-container\">\n\t\t\t\t\t\t\t\t\t<p><b>Colecci\u00f3n de camas que redefine el confort y la elegancia<br \/>en el dormitorio.<\/b><\/p>\n\t\t\t\t\t\t\t\t<\/div>\n\t\t\t\t<\/div>\n\t\t<div class=\"elementor-element elementor-element-783bbc8 e-con-full e-flex lakit-col-width-auto-no e-container e-con e-child\" data-id=\"783bbc8\" data-element_type=\"container\">\n\t\t\t\t<div class=\"elementor-element elementor-element-656fb15 elementor-align-left elementor-mobile-align-center elementor-widget elementor-widget-button\" data-id=\"656fb15\" data-element_type=\"widget\" data-widget_type=\"button.default\">\n\t\t\t\t<div class=\"elementor-widget-container\">\n\t\t\t\t\t\t\t\t\t<div class=\"elementor-button-wrapper\">\n\t\t\t\t\t<a class=\"elementor-button elementor-button-link elementor-size-md\" href=\"https:\/\/cosse.com.co\/categoria\/bed\/\">\n\t\t\t\t\t\t<span class=\"elementor-button-content-wrapper\">\n\t\t\t\t\t\t\t\t\t<span class=\"elementor-button-text\">Ver m\u00e1s<\/span>\n\t\t\t\t\t<\/span>\n\t\t\t\t\t<\/a>\n\t\t\t\t<\/div>\n\t\t\t\t\t\t\t\t<\/div>\n\t\t\t\t<\/div>\n\t\t\t\t<div class=\"elementor-element elementor-element-f205aed elementor-align-left elementor-mobile-align-center elementor-widget elementor-widget-button\" data-id=\"f205aed\" data-element_type=\"widget\" data-widget_type=\"button.default\">\n\t\t\t\t<div class=\"elementor-widget-container\">\n\t\t\t\t\t\t\t\t\t<div class=\"elementor-button-wrapper\">\n\t\t\t\t\t<a class=\"elementor-button elementor-button-link elementor-size-md\" href=\"https:\/\/cosse.com.co\/productos-cosse\/\">\n\t\t\t\t\t\t<span class=\"elementor-button-content-wrapper\">\n\t\t\t\t\t\t\t\t\t<span class=\"elementor-button-text\">Ver todo<\/span>\n\t\t\t\t\t<\/span>\n\t\t\t\t\t<\/a>\n\t\t\t\t<\/div>\n\t\t\t\t\t\t\t\t<\/div>\n\t\t\t\t<\/div>\n\t\t\t\t<\/div>\n\t\t\t\t<\/div>\n\t\t\t\t<\/div>\n\t\t<div class=\"elementor-element elementor-element-817705a e-con-full e-flex lakit-col-width-auto-no e-container e-root-container elementor-top-section e-con e-parent\" data-id=\"817705a\" data-element_type=\"container\" data-settings=\"{&quot;background_background&quot;:&quot;classic&quot;}\">\n\t\t\t\t<div class=\"elementor-element elementor-element-17dfd2b elementor-invisible elementor-widget elementor-widget-heading\" data-id=\"17dfd2b\" data-element_type=\"widget\" data-settings=\"{&quot;_animation&quot;:&quot;lakitShortFadeInUp&quot;,&quot;_animation_delay&quot;:300}\" data-widget_type=\"heading.default\">\n\t\t\t\t<div class=\"elementor-widget-container\">\n\t\t\t\t\t<h2 class=\"elementor-heading-title elementor-size-default\">Salas<\/h2>\t\t\t\t<\/div>\n\t\t\t\t<\/div>\n\t\t<div class=\"elementor-element elementor-element-afe7ed9 e-con-full e-flex lakit-col-width-auto-no e-container e-con e-child\" data-id=\"afe7ed9\" data-element_type=\"container\" data-settings=\"{&quot;background_background&quot;:&quot;classic&quot;}\">\n\t\t\t\t<div class=\"elementor-element elementor-element-cf8e0eb elementor-widget elementor-widget-text-editor\" data-id=\"cf8e0eb\" data-element_type=\"widget\" data-widget_type=\"text-editor.default\">\n\t\t\t\t<div class=\"elementor-widget-container\">\n\t\t\t\t\t\t\t\t\t<p><b>Selecci\u00f3n de salas que captura la esencia<br \/>confort con un toque de elegancia.<\/b><\/p>\n\t\t\t\t\t\t\t\t<\/div>\n\t\t\t\t<\/div>\n\t\t<div class=\"elementor-element elementor-element-de462e5 e-con-full e-flex lakit-col-width-auto-no e-container e-con e-child\" data-id=\"de462e5\" data-element_type=\"container\">\n\t\t\t\t<div class=\"elementor-element elementor-element-277f8e0 elementor-align-left elementor-mobile-align-center elementor-widget elementor-widget-button\" data-id=\"277f8e0\" data-element_type=\"widget\" data-widget_type=\"button.default\">\n\t\t\t\t<div class=\"elementor-widget-container\">\n\t\t\t\t\t\t\t\t\t<div class=\"elementor-button-wrapper\">\n\t\t\t\t\t<a class=\"elementor-button elementor-button-link elementor-size-md\" href=\"https:\/\/cosse.com.co\/categoria\/living-room\/\">\n\t\t\t\t\t\t<span class=\"elementor-button-content-wrapper\">\n\t\t\t\t\t\t\t\t\t<span class=\"elementor-button-text\">Ver m\u00e1s <\/span>\n\t\t\t\t\t<\/span>\n\t\t\t\t\t<\/a>\n\t\t\t\t<\/div>\n\t\t\t\t\t\t\t\t<\/div>\n\t\t\t\t<\/div>\n\t\t\t\t<div class=\"elementor-element elementor-element-b85fc68 elementor-align-left elementor-mobile-align-center elementor-widget elementor-widget-button\" data-id=\"b85fc68\" data-element_type=\"widget\" data-widget_type=\"button.default\">\n\t\t\t\t<div class=\"elementor-widget-container\">\n\t\t\t\t\t\t\t\t\t<div class=\"elementor-button-wrapper\">\n\t\t\t\t\t<a class=\"elementor-button elementor-button-link elementor-size-md\" href=\"https:\/\/cosse.com.co\/productos-cosse\/\">\n\t\t\t\t\t\t<span class=\"elementor-button-content-wrapper\">\n\t\t\t\t\t\t\t\t\t<span class=\"elementor-button-text\">Ver todo<\/span>\n\t\t\t\t\t<\/span>\n\t\t\t\t\t<\/a>\n\t\t\t\t<\/div>\n\t\t\t\t\t\t\t\t<\/div>\n\t\t\t\t<\/div>\n\t\t\t\t<\/div>\n\t\t\t\t<\/div>\n\t\t\t\t<\/div>\n\t\t<div class=\"elementor-element elementor-element-7b1edd5 e-con-full e-flex lakit-col-width-auto-no e-container e-root-container elementor-top-section e-con e-parent\" data-id=\"7b1edd5\" data-element_type=\"container\" data-settings=\"{&quot;background_background&quot;:&quot;classic&quot;}\">\n\t\t\t\t<div class=\"elementor-element elementor-element-4df0309 elementor-invisible elementor-widget elementor-widget-heading\" data-id=\"4df0309\" data-element_type=\"widget\" data-settings=\"{&quot;_animation&quot;:&quot;lakitShortFadeInUp&quot;,&quot;_animation_delay&quot;:300}\" data-widget_type=\"heading.default\">\n\t\t\t\t<div class=\"elementor-widget-container\">\n\t\t\t\t\t<h2 class=\"elementor-heading-title elementor-size-default\">Mesas<\/h2>\t\t\t\t<\/div>\n\t\t\t\t<\/div>\n\t\t<div class=\"elementor-element elementor-element-b2948f7 e-con-full e-flex lakit-col-width-auto-no e-container e-con e-child\" data-id=\"b2948f7\" data-element_type=\"container\" data-settings=\"{&quot;background_background&quot;:&quot;classic&quot;}\">\n\t\t\t\t<div class=\"elementor-element elementor-element-d8bbe7d elementor-widget elementor-widget-text-editor\" data-id=\"d8bbe7d\" data-element_type=\"widget\" data-widget_type=\"text-editor.default\">\n\t\t\t\t<div class=\"elementor-widget-container\">\n\t\t\t\t\t\t\t\t\t<p><b>Gama de mesas que redefine la versatilidad<br \/>y el dise\u00f1o en tus espacios.<br \/><\/b><\/p>\n\t\t\t\t\t\t\t\t<\/div>\n\t\t\t\t<\/div>\n\t\t<div class=\"elementor-element elementor-element-ad86607 e-con-full e-flex lakit-col-width-auto-no e-container e-con e-child\" data-id=\"ad86607\" data-element_type=\"container\">\n\t\t\t\t<div class=\"elementor-element elementor-element-518b06a elementor-align-left elementor-mobile-align-center elementor-widget elementor-widget-button\" data-id=\"518b06a\" data-element_type=\"widget\" data-widget_type=\"button.default\">\n\t\t\t\t<div class=\"elementor-widget-container\">\n\t\t\t\t\t\t\t\t\t<div class=\"elementor-button-wrapper\">\n\t\t\t\t\t<a class=\"elementor-button elementor-button-link elementor-size-md\" href=\"https:\/\/cosse.com.co\/categoria\/table\/\">\n\t\t\t\t\t\t<span class=\"elementor-button-content-wrapper\">\n\t\t\t\t\t\t\t\t\t<span class=\"elementor-button-text\">Ver m\u00e1s <\/span>\n\t\t\t\t\t<\/span>\n\t\t\t\t\t<\/a>\n\t\t\t\t<\/div>\n\t\t\t\t\t\t\t\t<\/div>\n\t\t\t\t<\/div>\n\t\t\t\t<div class=\"elementor-element elementor-element-af29aea elementor-align-left elementor-mobile-align-center elementor-widget elementor-widget-button\" data-id=\"af29aea\" data-element_type=\"widget\" data-widget_type=\"button.default\">\n\t\t\t\t<div class=\"elementor-widget-container\">\n\t\t\t\t\t\t\t\t\t<div class=\"elementor-button-wrapper\">\n\t\t\t\t\t<a class=\"elementor-button elementor-button-link elementor-size-md\" href=\"https:\/\/cosse.com.co\/productos-cosse\/\">\n\t\t\t\t\t\t<span class=\"elementor-button-content-wrapper\">\n\t\t\t\t\t\t\t\t\t<span class=\"elementor-button-text\">Ver todo<\/span>\n\t\t\t\t\t<\/span>\n\t\t\t\t\t<\/a>\n\t\t\t\t<\/div>\n\t\t\t\t\t\t\t\t<\/div>\n\t\t\t\t<\/div>\n\t\t\t\t<\/div>\n\t\t\t\t<\/div>\n\t\t\t\t<\/div>\n\t\t<div class=\"elementor-element elementor-element-c02a804 e-con-full e-flex lakit-col-width-auto-no e-container e-root-container elementor-top-section e-con e-parent\" data-id=\"c02a804\" data-element_type=\"container\" data-settings=\"{&quot;background_background&quot;:&quot;classic&quot;}\">\n\t\t\t\t<div class=\"elementor-element elementor-element-1b3af86 elementor-invisible elementor-widget elementor-widget-heading\" data-id=\"1b3af86\" data-element_type=\"widget\" data-settings=\"{&quot;_animation&quot;:&quot;lakitShortFadeInUp&quot;,&quot;_animation_delay&quot;:300}\" data-widget_type=\"heading.default\">\n\t\t\t\t<div class=\"elementor-widget-container\">\n\t\t\t\t\t<h2 class=\"elementor-heading-title elementor-size-default\">Sillas<\/h2>\t\t\t\t<\/div>\n\t\t\t\t<\/div>\n\t\t<div class=\"elementor-element elementor-element-b730cd9 e-con-full e-flex lakit-col-width-auto-no e-container e-con e-child\" data-id=\"b730cd9\" data-element_type=\"container\" data-settings=\"{&quot;background_background&quot;:&quot;classic&quot;}\">\n\t\t\t\t<div class=\"elementor-element elementor-element-58fb910 elementor-widget elementor-widget-text-editor\" data-id=\"58fb910\" data-element_type=\"widget\" data-widget_type=\"text-editor.default\">\n\t\t\t\t<div class=\"elementor-widget-container\">\n\t\t\t\t\t\t\t\t\t<p><b>Colecci\u00f3n de sillas que fusionan comodidad<br \/>y estilo con un toque de distinci\u00f3n.<\/b><\/p>\n\t\t\t\t\t\t\t\t<\/div>\n\t\t\t\t<\/div>\n\t\t<div class=\"elementor-element elementor-element-d8351e3 e-con-full e-flex lakit-col-width-auto-no e-container e-con e-child\" data-id=\"d8351e3\" data-element_type=\"container\">\n\t\t\t\t<div class=\"elementor-element elementor-element-79bbb70 elementor-align-left elementor-mobile-align-center elementor-widget elementor-widget-button\" data-id=\"79bbb70\" data-element_type=\"widget\" data-widget_type=\"button.default\">\n\t\t\t\t<div class=\"elementor-widget-container\">\n\t\t\t\t\t\t\t\t\t<div class=\"elementor-button-wrapper\">\n\t\t\t\t\t<a class=\"elementor-button elementor-button-link elementor-size-md\" href=\"https:\/\/cosse.com.co\/categoria\/chairs\/\">\n\t\t\t\t\t\t<span class=\"elementor-button-content-wrapper\">\n\t\t\t\t\t\t\t\t\t<span class=\"elementor-button-text\">Ver m\u00e1s <\/span>\n\t\t\t\t\t<\/span>\n\t\t\t\t\t<\/a>\n\t\t\t\t<\/div>\n\t\t\t\t\t\t\t\t<\/div>\n\t\t\t\t<\/div>\n\t\t\t\t<div class=\"elementor-element elementor-element-8f44b25 elementor-align-left elementor-mobile-align-center elementor-widget elementor-widget-button\" data-id=\"8f44b25\" data-element_type=\"widget\" data-widget_type=\"button.default\">\n\t\t\t\t<div class=\"elementor-widget-container\">\n\t\t\t\t\t\t\t\t\t<div class=\"elementor-button-wrapper\">\n\t\t\t\t\t<a class=\"elementor-button elementor-button-link elementor-size-md\" href=\"https:\/\/cosse.com.co\/productos-cosse\/\">\n\t\t\t\t\t\t<span class=\"elementor-button-content-wrapper\">\n\t\t\t\t\t\t\t\t\t<span class=\"elementor-button-text\">Ver todo<\/span>\n\t\t\t\t\t<\/span>\n\t\t\t\t\t<\/a>\n\t\t\t\t<\/div>\n\t\t\t\t\t\t\t\t<\/div>\n\t\t\t\t<\/div>\n\t\t\t\t<\/div>\n\t\t\t\t<\/div>\n\t\t\t\t<\/div>\n\t\t<div class=\"elementor-element elementor-element-a1e6572 e-con-full e-flex lakit-col-width-auto-no e-container e-root-container elementor-top-section e-con e-parent\" data-id=\"a1e6572\" data-element_type=\"container\" data-settings=\"{&quot;background_background&quot;:&quot;classic&quot;}\">\n\t\t\t\t<div class=\"elementor-element elementor-element-8d8c88e elementor-invisible elementor-widget elementor-widget-heading\" data-id=\"8d8c88e\" data-element_type=\"widget\" data-settings=\"{&quot;_animation&quot;:&quot;lakitShortFadeInUp&quot;,&quot;_animation_delay&quot;:300}\" data-widget_type=\"heading.default\">\n\t\t\t\t<div class=\"elementor-widget-container\">\n\t\t\t\t\t<h2 class=\"elementor-heading-title elementor-size-default\">Consolas<\/h2>\t\t\t\t<\/div>\n\t\t\t\t<\/div>\n\t\t<div class=\"elementor-element elementor-element-a0c3f4f e-con-full e-flex lakit-col-width-auto-no e-container e-con e-child\" data-id=\"a0c3f4f\" data-element_type=\"container\" data-settings=\"{&quot;background_background&quot;:&quot;classic&quot;}\">\n\t\t\t\t<div class=\"elementor-element elementor-element-5d64c78 elementor-widget elementor-widget-text-editor\" data-id=\"5d64c78\" data-element_type=\"widget\" data-widget_type=\"text-editor.default\">\n\t\t\t\t<div class=\"elementor-widget-container\">\n\t\t\t\t\t\t\t\t\t<p><b>Selecci\u00f3n de consolas que redefinen<br \/>la funcionalidad con un toque de elegancia.<\/b><\/p>\n\t\t\t\t\t\t\t\t<\/div>\n\t\t\t\t<\/div>\n\t\t<div class=\"elementor-element elementor-element-bed3c6e e-con-full e-flex lakit-col-width-auto-no e-container e-con e-child\" data-id=\"bed3c6e\" data-element_type=\"container\">\n\t\t\t\t<div class=\"elementor-element elementor-element-5046f0a elementor-align-left elementor-mobile-align-center elementor-widget elementor-widget-button\" data-id=\"5046f0a\" data-element_type=\"widget\" data-widget_type=\"button.default\">\n\t\t\t\t<div class=\"elementor-widget-container\">\n\t\t\t\t\t\t\t\t\t<div class=\"elementor-button-wrapper\">\n\t\t\t\t\t<a class=\"elementor-button elementor-button-link elementor-size-md\" href=\"https:\/\/cosse.com.co\/categoria\/console\/\">\n\t\t\t\t\t\t<span class=\"elementor-button-content-wrapper\">\n\t\t\t\t\t\t\t\t\t<span class=\"elementor-button-text\">Ver m\u00e1s <\/span>\n\t\t\t\t\t<\/span>\n\t\t\t\t\t<\/a>\n\t\t\t\t<\/div>\n\t\t\t\t\t\t\t\t<\/div>\n\t\t\t\t<\/div>\n\t\t\t\t<div class=\"elementor-element elementor-element-c8bdee4 elementor-align-left elementor-mobile-align-center elementor-widget elementor-widget-button\" data-id=\"c8bdee4\" data-element_type=\"widget\" data-widget_type=\"button.default\">\n\t\t\t\t<div class=\"elementor-widget-container\">\n\t\t\t\t\t\t\t\t\t<div class=\"elementor-button-wrapper\">\n\t\t\t\t\t<a class=\"elementor-button elementor-button-link elementor-size-md\" href=\"https:\/\/cosse.com.co\/productos-cosse\/\">\n\t\t\t\t\t\t<span class=\"elementor-button-content-wrapper\">\n\t\t\t\t\t\t\t\t\t<span class=\"elementor-button-text\">Ver todo<\/span>\n\t\t\t\t\t<\/span>\n\t\t\t\t\t<\/a>\n\t\t\t\t<\/div>\n\t\t\t\t\t\t\t\t<\/div>\n\t\t\t\t<\/div>\n\t\t\t\t<\/div>\n\t\t\t\t<\/div>\n\t\t\t\t<\/div>\n\t\t<div class=\"elementor-element elementor-element-f9c8ed3 e-con-full e-flex lakit-col-width-auto-no e-container e-root-container elementor-top-section e-con e-parent\" data-id=\"f9c8ed3\" data-element_type=\"container\" data-settings=\"{&quot;background_background&quot;:&quot;classic&quot;}\">\n\t\t\t\t<div class=\"elementor-element elementor-element-4dc69cb elementor-invisible elementor-widget elementor-widget-heading\" data-id=\"4dc69cb\" data-element_type=\"widget\" data-settings=\"{&quot;_animation&quot;:&quot;lakitShortFadeInUp&quot;,&quot;_animation_delay&quot;:300}\" data-widget_type=\"heading.default\">\n\t\t\t\t<div class=\"elementor-widget-container\">\n\t\t\t\t\t<h2 class=\"elementor-heading-title elementor-size-default\">Espejos<\/h2>\t\t\t\t<\/div>\n\t\t\t\t<\/div>\n\t\t<div class=\"elementor-element elementor-element-8854fa2 e-con-full e-flex lakit-col-width-auto-no e-container e-con e-child\" data-id=\"8854fa2\" data-element_type=\"container\" data-settings=\"{&quot;background_background&quot;:&quot;classic&quot;}\">\n\t\t\t\t<div class=\"elementor-element elementor-element-2db4f73 elementor-widget elementor-widget-text-editor\" data-id=\"2db4f73\" data-element_type=\"widget\" data-widget_type=\"text-editor.default\">\n\t\t\t\t<div class=\"elementor-widget-container\">\n\t\t\t\t\t\t\t\t\t<p><b>Colecci\u00f3n de espejos aporta un toque<br \/>de sofisticaci\u00f3n a cualquier espacio.<\/b><\/p>\n\t\t\t\t\t\t\t\t<\/div>\n\t\t\t\t<\/div>\n\t\t<div class=\"elementor-element elementor-element-1a1d3d6 e-con-full e-flex lakit-col-width-auto-no e-container e-con e-child\" data-id=\"1a1d3d6\" data-element_type=\"container\">\n\t\t\t\t<div class=\"elementor-element elementor-element-977b71a elementor-align-left elementor-mobile-align-center elementor-widget elementor-widget-button\" data-id=\"977b71a\" data-element_type=\"widget\" data-widget_type=\"button.default\">\n\t\t\t\t<div class=\"elementor-widget-container\">\n\t\t\t\t\t\t\t\t\t<div class=\"elementor-button-wrapper\">\n\t\t\t\t\t<a class=\"elementor-button elementor-button-link elementor-size-md\" href=\"https:\/\/cosse.com.co\/categoria\/mirror\/\">\n\t\t\t\t\t\t<span class=\"elementor-button-content-wrapper\">\n\t\t\t\t\t\t\t\t\t<span class=\"elementor-button-text\">Ver m\u00e1s <\/span>\n\t\t\t\t\t<\/span>\n\t\t\t\t\t<\/a>\n\t\t\t\t<\/div>\n\t\t\t\t\t\t\t\t<\/div>\n\t\t\t\t<\/div>\n\t\t\t\t<div class=\"elementor-element elementor-element-252f275 elementor-align-left elementor-mobile-align-center elementor-widget elementor-widget-button\" data-id=\"252f275\" data-element_type=\"widget\" data-widget_type=\"button.default\">\n\t\t\t\t<div class=\"elementor-widget-container\">\n\t\t\t\t\t\t\t\t\t<div class=\"elementor-button-wrapper\">\n\t\t\t\t\t<a class=\"elementor-button elementor-button-link elementor-size-md\" href=\"https:\/\/cosse.com.co\/productos-cosse\/\">\n\t\t\t\t\t\t<span class=\"elementor-button-content-wrapper\">\n\t\t\t\t\t\t\t\t\t<span class=\"elementor-button-text\">Ver todo<\/span>\n\t\t\t\t\t<\/span>\n\t\t\t\t\t<\/a>\n\t\t\t\t<\/div>\n\t\t\t\t\t\t\t\t<\/div>\n\t\t\t\t<\/div>\n\t\t\t\t<\/div>\n\t\t\t\t<\/div>\n\t\t\t\t<\/div>\n\t\t\t\t<\/div>\n\t\t","protected":false},"excerpt":{"rendered":"<p>Categor\u00edas Innovamos y creamos calidad Camas Colecci\u00f3n de camas que redefine el confort y la eleganciaen el dormitorio. Ver m\u00e1s Ver todo Salas Selecci\u00f3n de salas que captura la esenciaconfort con un toque de elegancia. Ver m\u00e1s Ver todo Mesas Gama de mesas que redefine la versatilidady el dise\u00f1o en tus&hellip;<\/p>\n","protected":false},"author":1,"featured_media":0,"parent":0,"menu_order":0,"comment_status":"closed","ping_status":"closed","template":"","meta":{"_monsterinsights_skip_tracking":false,"_monsterinsights_sitenote_active":false,"_monsterinsights_sitenote_note":"","_monsterinsights_sitenote_category":0,"footnotes":""},"class_list":["post-7762","page","type-page","status-publish","hentry"],"yoast_head":"<!-- This site is optimized with the Yoast SEO plugin v25.8 - https:\/\/yoast.com\/wordpress\/plugins\/seo\/ -->\n<title>Productos - Cosse<\/title>\n<meta name=\"robots\" content=\"index, follow, max-snippet:-1, max-image-preview:large, max-video-preview:-1\" \/>\n<link rel=\"canonical\" href=\"https:\/\/cosse.com.co\/products\/\" \/>\n<meta property=\"og:locale\" content=\"es_ES\" \/>\n<meta property=\"og:type\" content=\"article\" \/>\n<meta property=\"og:title\" content=\"Productos - Cosse\" \/>\n<meta property=\"og:description\" content=\"Categor\u00edas Innovamos y creamos calidad Camas Colecci\u00f3n de camas que redefine el confort y la eleganciaen el dormitorio. Ver m\u00e1s Ver todo Salas Selecci\u00f3n de salas que captura la esenciaconfort con un toque de elegancia. Ver m\u00e1s Ver todo Mesas Gama de mesas que redefine la versatilidady el dise\u00f1o en tus&hellip;\" \/>\n<meta property=\"og:url\" content=\"https:\/\/cosse.com.co\/products\/\" \/>\n<meta property=\"og:site_name\" content=\"Cosse\" \/>\n<meta property=\"article:publisher\" content=\"https:\/\/www.facebook.com\/cosseofficial\/\" \/>\n<meta property=\"article:modified_time\" content=\"2024-03-15T21:20:22+00:00\" \/>\n<meta name=\"twitter:card\" content=\"summary_large_image\" \/>\n<meta name=\"twitter:label1\" content=\"Tiempo de lectura\" \/>\n\t<meta name=\"twitter:data1\" content=\"1 minuto\" \/>\n<!-- \/ Yoast SEO plugin. -->","yoast_head_json":{"title":"Productos - Cosse","robots":{"index":"index","follow":"follow","max-snippet":"max-snippet:-1","max-image-preview":"max-image-preview:large","max-video-preview":"max-video-preview:-1"},"canonical":"https:\/\/cosse.com.co\/products\/","og_locale":"es_ES","og_type":"article","og_title":"Productos - Cosse","og_description":"Categor\u00edas Innovamos y creamos calidad Camas Colecci\u00f3n de camas que redefine el confort y la eleganciaen el dormitorio. Ver m\u00e1s Ver todo Salas Selecci\u00f3n de salas que captura la esenciaconfort con un toque de elegancia. Ver m\u00e1s Ver todo Mesas Gama de mesas que redefine la versatilidady el dise\u00f1o en tus&hellip;","og_url":"https:\/\/cosse.com.co\/products\/","og_site_name":"Cosse","article_publisher":"https:\/\/www.facebook.com\/cosseofficial\/","article_modified_time":"2024-03-15T21:20:22+00:00","twitter_card":"summary_large_image","twitter_misc":{"Tiempo de lectura":"1 minuto"},"schema":{"@context":"https:\/\/schema.org","@graph":[{"@type":"WebPage","@id":"https:\/\/cosse.com.co\/products\/","url":"https:\/\/cosse.com.co\/products\/","name":"Productos - Cosse","isPartOf":{"@id":"https:\/\/cosse.com.co\/#website"},"datePublished":"2024-01-03T03:22:47+00:00","dateModified":"2024-03-15T21:20:22+00:00","breadcrumb":{"@id":"https:\/\/cosse.com.co\/products\/#breadcrumb"},"inLanguage":"es","potentialAction":[{"@type":"ReadAction","target":["https:\/\/cosse.com.co\/products\/"]}]},{"@type":"BreadcrumbList","@id":"https:\/\/cosse.com.co\/products\/#breadcrumb","itemListElement":[{"@type":"ListItem","position":1,"name":"Portada","item":"https:\/\/cosse.com.co\/es\/"},{"@type":"ListItem","position":2,"name":"Productos"}]},{"@type":"WebSite","@id":"https:\/\/cosse.com.co\/#website","url":"https:\/\/cosse.com.co\/","name":"Cosse","description":"","publisher":{"@id":"https:\/\/cosse.com.co\/#organization"},"potentialAction":[{"@type":"SearchAction","target":{"@type":"EntryPoint","urlTemplate":"https:\/\/cosse.com.co\/?s={search_term_string}"},"query-input":{"@type":"PropertyValueSpecification","valueRequired":true,"valueName":"search_term_string"}}],"inLanguage":"es"},{"@type":"Organization","@id":"https:\/\/cosse.com.co\/#organization","name":"Cosse","url":"https:\/\/cosse.com.co\/","logo":{"@type":"ImageObject","inLanguage":"es","@id":"https:\/\/cosse.com.co\/#\/schema\/logo\/image\/","url":"https:\/\/cosse.com.co\/wp-content\/uploads\/2022\/08\/COSSE-LOGO-Y-COLOR.png","contentUrl":"https:\/\/cosse.com.co\/wp-content\/uploads\/2022\/08\/COSSE-LOGO-Y-COLOR.png","width":855,"height":212,"caption":"Cosse"},"image":{"@id":"https:\/\/cosse.com.co\/#\/schema\/logo\/image\/"},"sameAs":["https:\/\/www.facebook.com\/cosseofficial\/","https:\/\/www.instagram.com\/cosse_official\/","https:\/\/api.whatsapp.com\/send?phone=573182583556"]}]}},"_links":{"self":[{"href":"https:\/\/cosse.com.co\/es\/wp-json\/wp\/v2\/pages\/7762","targetHints":{"allow":["GET"]}}],"collection":[{"href":"https:\/\/cosse.com.co\/es\/wp-json\/wp\/v2\/pages"}],"about":[{"href":"https:\/\/cosse.com.co\/es\/wp-json\/wp\/v2\/types\/page"}],"author":[{"embeddable":true,"href":"https:\/\/cosse.com.co\/es\/wp-json\/wp\/v2\/users\/1"}],"replies":[{"embeddable":true,"href":"https:\/\/cosse.com.co\/es\/wp-json\/wp\/v2\/comments?post=7762"}],"version-history":[{"count":2,"href":"https:\/\/cosse.com.co\/es\/wp-json\/wp\/v2\/pages\/7762\/revisions"}],"predecessor-version":[{"id":8051,"href":"https:\/\/cosse.com.co\/es\/wp-json\/wp\/v2\/pages\/7762\/revisions\/8051"}],"wp:attachment":[{"href":"https:\/\/cosse.com.co\/es\/wp-json\/wp\/v2\/media?parent=7762"}],"curies":[{"name":"wp","href":"https:\/\/api.w.org\/{rel}","templated":true}]}}