{"id":7770,"date":"2023-11-08T18:47:56","date_gmt":"2023-11-08T23:47:56","guid":{"rendered":"https:\/\/cosse.com.co\/contactanos\/"},"modified":"2024-09-20T15:14:55","modified_gmt":"2024-09-20T20:14:55","slug":"contactanos","status":"publish","type":"page","link":"https:\/\/cosse.com.co\/es\/contactanos\/","title":{"rendered":"Cont\u00e1ctanos"},"content":{"rendered":"\t\t<div data-elementor-type=\"wp-page\" data-elementor-id=\"7770\" class=\"elementor elementor-7770 elementor-3037\" data-elementor-post-type=\"page\">\n\t\t\t\t<div class=\"elementor-element elementor-element-3dd82250 e-con-full e-flex lakit-col-width-auto-no e-container e-root-container elementor-top-section e-con e-parent\" data-id=\"3dd82250\" data-element_type=\"container\" data-settings=\"{&quot;background_background&quot;:&quot;video&quot;,&quot;background_video_link&quot;:&quot;https:\\\/\\\/youtu.be\\\/KXRqZ1N8Mm0&quot;,&quot;background_play_on_mobile&quot;:&quot;yes&quot;,&quot;background_privacy_mode&quot;:&quot;yes&quot;}\">\n\t\t<div class=\"elementor-background-video-container\" aria-hidden=\"true\">\n\t\t\t\t\t\t\t<div class=\"elementor-background-video-embed\"><\/div>\n\t\t\t\t\t\t<\/div><div class=\"elementor-element elementor-element-31c13a02 e-con-full e-flex lakit-col-width-auto-no e-container e-con e-child\" data-id=\"31c13a02\" data-element_type=\"container\" data-settings=\"{&quot;background_background&quot;:&quot;classic&quot;}\">\n\t\t\t\t<div class=\"elementor-element elementor-element-3f9b0d5c elementor-widget elementor-widget-heading\" data-id=\"3f9b0d5c\" data-element_type=\"widget\" data-widget_type=\"heading.default\">\n\t\t\t\t<div class=\"elementor-widget-container\">\n\t\t\t\t\t<h3 class=\"elementor-heading-title elementor-size-default\">Showroom Bogot\u00e1, Colombia<\/h3>\t\t\t\t<\/div>\n\t\t\t\t<\/div>\n\t\t<div class=\"elementor-element elementor-element-621d6be e-flex e-con-boxed lakit-col-width-auto-no e-container e-con e-child\" data-id=\"621d6be\" data-element_type=\"container\">\n\t\t\t\t\t<div class=\"e-con-inner\">\n\t\t\t\t<div class=\"elementor-element elementor-element-491e2cc elementor-widget__width-auto elementor-widget elementor-widget-image\" data-id=\"491e2cc\" data-element_type=\"widget\" data-widget_type=\"image.default\">\n\t\t\t\t<div class=\"elementor-widget-container\">\n\t\t\t\t\t\t\t\t\t\t\t\t\t\t\t<img decoding=\"async\" width=\"15\" height=\"15\" src=\"https:\/\/cosse.com.co\/wp-content\/uploads\/2022\/08\/10-Map.png\" class=\"attachment-large size-large wp-image-7506\" alt=\"\" \/>\t\t\t\t\t\t\t\t\t\t\t\t\t\t\t<\/div>\n\t\t\t\t<\/div>\n\t\t\t\t<div class=\"elementor-element elementor-element-9e58c16 elementor-align-left elementor-icon-list--layout-traditional elementor-list-item-link-full_width elementor-widget elementor-widget-icon-list\" data-id=\"9e58c16\" data-element_type=\"widget\" data-widget_type=\"icon-list.default\">\n\t\t\t\t<div class=\"elementor-widget-container\">\n\t\t\t\t\t\t\t<ul class=\"elementor-icon-list-items\">\n\t\t\t\t\t\t\t<li class=\"elementor-icon-list-item\">\n\t\t\t\t\t\t\t\t\t\t\t<a href=\"https:\/\/maps.app.goo.gl\/3ArYbGiNqMvWhWCdA\">\n\n\t\t\t\t\t\t\t\t\t\t\t<span class=\"elementor-icon-list-text\">Calle 109 # 15 - 88 <\/span>\n\t\t\t\t\t\t\t\t\t\t\t<\/a>\n\t\t\t\t\t\t\t\t\t<\/li>\n\t\t\t\t\t\t<\/ul>\n\t\t\t\t\t\t<\/div>\n\t\t\t\t<\/div>\n\t\t\t\t\t<\/div>\n\t\t\t\t<\/div>\n\t\t<div class=\"elementor-element elementor-element-cebac78 e-flex e-con-boxed lakit-col-width-auto-no e-container e-con e-child\" data-id=\"cebac78\" data-element_type=\"container\">\n\t\t\t\t\t<div class=\"e-con-inner\">\n\t\t\t\t<div class=\"elementor-element elementor-element-dee7320 elementor-widget__width-auto elementor-widget elementor-widget-image\" data-id=\"dee7320\" data-element_type=\"widget\" data-widget_type=\"image.default\">\n\t\t\t\t<div class=\"elementor-widget-container\">\n\t\t\t\t\t\t\t\t\t\t\t\t\t\t\t<img decoding=\"async\" width=\"15\" height=\"15\" src=\"https:\/\/cosse.com.co\/wp-content\/uploads\/2022\/08\/10What.png\" class=\"attachment-large size-large wp-image-7507\" alt=\"\" \/>\t\t\t\t\t\t\t\t\t\t\t\t\t\t\t<\/div>\n\t\t\t\t<\/div>\n\t\t\t\t<div class=\"elementor-element elementor-element-824c6b2 elementor-align-center elementor-icon-list--layout-traditional elementor-list-item-link-full_width elementor-widget elementor-widget-icon-list\" data-id=\"824c6b2\" data-element_type=\"widget\" data-widget_type=\"icon-list.default\">\n\t\t\t\t<div class=\"elementor-widget-container\">\n\t\t\t\t\t\t\t<ul class=\"elementor-icon-list-items\">\n\t\t\t\t\t\t\t<li class=\"elementor-icon-list-item\">\n\t\t\t\t\t\t\t\t\t\t\t<a href=\"https:\/\/api.whatsapp.com\/send\/?phone=573160278074&#038;text&#038;type=phone_number&#038;app_absent=0\">\n\n\t\t\t\t\t\t\t\t\t\t\t<span class=\"elementor-icon-list-text\">3160278074<\/span>\n\t\t\t\t\t\t\t\t\t\t\t<\/a>\n\t\t\t\t\t\t\t\t\t<\/li>\n\t\t\t\t\t\t<\/ul>\n\t\t\t\t\t\t<\/div>\n\t\t\t\t<\/div>\n\t\t\t\t\t<\/div>\n\t\t\t\t<\/div>\n\t\t\t\t<div class=\"elementor-element elementor-element-248c5e2 elementor-widget elementor-widget-google_maps\" data-id=\"248c5e2\" data-element_type=\"widget\" data-widget_type=\"google_maps.default\">\n\t\t\t\t<div class=\"elementor-widget-container\">\n\t\t\t\t\t\t\t<div class=\"elementor-custom-embed\">\n\t\t\t<iframe loading=\"lazy\"\n\t\t\t\t\tsrc=\"https:\/\/maps.google.com\/maps?q=calle%20109%20%23%2015%20-%2088&#038;t=m&#038;z=10&#038;output=embed&#038;iwloc=near\"\n\t\t\t\t\ttitle=\"calle 109 # 15 - 88\"\n\t\t\t\t\taria-label=\"calle 109 # 15 - 88\"\n\t\t\t><\/iframe>\n\t\t<\/div>\n\t\t\t\t\t\t<\/div>\n\t\t\t\t<\/div>\n\t\t\t\t<div class=\"elementor-element elementor-element-3bdb39c elementor-widget elementor-widget-heading\" data-id=\"3bdb39c\" data-element_type=\"widget\" data-widget_type=\"heading.default\">\n\t\t\t\t<div class=\"elementor-widget-container\">\n\t\t\t\t\t<div class=\"elementor-heading-title elementor-size-default\">Showroom Medell\u00edn, Colombia<\/div>\t\t\t\t<\/div>\n\t\t\t\t<\/div>\n\t\t<div class=\"elementor-element elementor-element-d1ac869 e-flex e-con-boxed lakit-col-width-auto-no e-container e-con e-child\" data-id=\"d1ac869\" data-element_type=\"container\">\n\t\t\t\t\t<div class=\"e-con-inner\">\n\t\t\t\t<div class=\"elementor-element elementor-element-f660307 elementor-widget__width-auto elementor-widget elementor-widget-image\" data-id=\"f660307\" data-element_type=\"widget\" data-widget_type=\"image.default\">\n\t\t\t\t<div class=\"elementor-widget-container\">\n\t\t\t\t\t\t\t\t\t\t\t\t\t\t\t<img decoding=\"async\" width=\"15\" height=\"15\" src=\"https:\/\/cosse.com.co\/wp-content\/uploads\/2022\/08\/10-Map.png\" class=\"attachment-large size-large wp-image-7506\" alt=\"\" \/>\t\t\t\t\t\t\t\t\t\t\t\t\t\t\t<\/div>\n\t\t\t\t<\/div>\n\t\t\t\t<div class=\"elementor-element elementor-element-30f1a02 elementor-align-center elementor-icon-list--layout-traditional elementor-list-item-link-full_width elementor-widget elementor-widget-icon-list\" data-id=\"30f1a02\" data-element_type=\"widget\" data-widget_type=\"icon-list.default\">\n\t\t\t\t<div class=\"elementor-widget-container\">\n\t\t\t\t\t\t\t<ul class=\"elementor-icon-list-items\">\n\t\t\t\t\t\t\t<li class=\"elementor-icon-list-item\">\n\t\t\t\t\t\t\t\t\t\t\t<a href=\"https:\/\/maps.app.goo.gl\/7Assz453gveu8ViM7\">\n\n\t\t\t\t\t\t\t\t\t\t\t<span class=\"elementor-icon-list-text\">Carrera 43A # 1A Sur 175 L.120 <\/span>\n\t\t\t\t\t\t\t\t\t\t\t<\/a>\n\t\t\t\t\t\t\t\t\t<\/li>\n\t\t\t\t\t\t<\/ul>\n\t\t\t\t\t\t<\/div>\n\t\t\t\t<\/div>\n\t\t\t\t\t<\/div>\n\t\t\t\t<\/div>\n\t\t<div class=\"elementor-element elementor-element-c0f5330 e-flex e-con-boxed lakit-col-width-auto-no e-container e-con e-child\" data-id=\"c0f5330\" data-element_type=\"container\">\n\t\t\t\t\t<div class=\"e-con-inner\">\n\t\t\t\t<div class=\"elementor-element elementor-element-8ce4592 elementor-widget__width-auto elementor-widget elementor-widget-image\" data-id=\"8ce4592\" data-element_type=\"widget\" data-widget_type=\"image.default\">\n\t\t\t\t<div class=\"elementor-widget-container\">\n\t\t\t\t\t\t\t\t\t\t\t\t\t\t\t<img decoding=\"async\" width=\"15\" height=\"15\" src=\"https:\/\/cosse.com.co\/wp-content\/uploads\/2022\/08\/10What.png\" class=\"attachment-large size-large wp-image-7507\" alt=\"\" \/>\t\t\t\t\t\t\t\t\t\t\t\t\t\t\t<\/div>\n\t\t\t\t<\/div>\n\t\t\t\t<div class=\"elementor-element elementor-element-c07f351 elementor-align-center elementor-icon-list--layout-traditional elementor-list-item-link-full_width elementor-widget elementor-widget-icon-list\" data-id=\"c07f351\" data-element_type=\"widget\" data-widget_type=\"icon-list.default\">\n\t\t\t\t<div class=\"elementor-widget-container\">\n\t\t\t\t\t\t\t<ul class=\"elementor-icon-list-items\">\n\t\t\t\t\t\t\t<li class=\"elementor-icon-list-item\">\n\t\t\t\t\t\t\t\t\t\t\t<a href=\"https:\/\/api.whatsapp.com\/send\/?phone=573160278074&#038;text&#038;type=phone_number&#038;app_absent=0\">\n\n\t\t\t\t\t\t\t\t\t\t\t<span class=\"elementor-icon-list-text\">3160278074<\/span>\n\t\t\t\t\t\t\t\t\t\t\t<\/a>\n\t\t\t\t\t\t\t\t\t<\/li>\n\t\t\t\t\t\t<\/ul>\n\t\t\t\t\t\t<\/div>\n\t\t\t\t<\/div>\n\t\t\t\t\t<\/div>\n\t\t\t\t<\/div>\n\t\t\t\t<div class=\"elementor-element elementor-element-7bc122d elementor-widget elementor-widget-google_maps\" data-id=\"7bc122d\" data-element_type=\"widget\" data-widget_type=\"google_maps.default\">\n\t\t\t\t<div class=\"elementor-widget-container\">\n\t\t\t\t\t\t\t<div class=\"elementor-custom-embed\">\n\t\t\t<iframe loading=\"lazy\"\n\t\t\t\t\tsrc=\"https:\/\/maps.google.com\/maps?q=Carrera%2043A%20%23%201A%20Sur%20175%20L.120&#038;t=m&#038;z=10&#038;output=embed&#038;iwloc=near\"\n\t\t\t\t\ttitle=\"Carrera 43A # 1A Sur 175 L.120\"\n\t\t\t\t\taria-label=\"Carrera 43A # 1A Sur 175 L.120\"\n\t\t\t><\/iframe>\n\t\t<\/div>\n\t\t\t\t\t\t<\/div>\n\t\t\t\t<\/div>\n\t\t\t\t<\/div>\n\t\t<div class=\"elementor-element elementor-element-0227af8 e-con-full e-flex lakit-col-width-auto-no e-container e-con e-child\" data-id=\"0227af8\" data-element_type=\"container\" data-settings=\"{&quot;background_background&quot;:&quot;classic&quot;}\">\n\t\t\t\t<div class=\"elementor-element elementor-element-1cb68f7 elementor-widget elementor-widget-heading\" data-id=\"1cb68f7\" data-element_type=\"widget\" data-widget_type=\"heading.default\">\n\t\t\t\t<div class=\"elementor-widget-container\">\n\t\t\t\t\t<h1 class=\"elementor-heading-title elementor-size-default\">Cont\u00e1ctanos<\/h1>\t\t\t\t<\/div>\n\t\t\t\t<\/div>\n\t\t\t\t<div class=\"elementor-element elementor-element-610d4cf elementor-widget elementor-widget-spacer\" data-id=\"610d4cf\" data-element_type=\"widget\" data-widget_type=\"spacer.default\">\n\t\t\t\t<div class=\"elementor-widget-container\">\n\t\t\t\t\t\t\t<div class=\"elementor-spacer\">\n\t\t\t<div class=\"elementor-spacer-inner\"><\/div>\n\t\t<\/div>\n\t\t\t\t\t\t<\/div>\n\t\t\t\t<\/div>\n\t\t\t\t<div class=\"elementor-element elementor-element-38a8df7f elementor-widget-mobile__width-inherit elementor-widget lastudio-kit elementor-lakit-contactform7\" data-id=\"38a8df7f\" data-element_type=\"widget\" data-widget_type=\"lakit-contactform7.default\">\n\t\t\t\t\t\n<div class=\"wpcf7 no-js\" id=\"wpcf7-f7703-o1\" lang=\"en-US\" dir=\"ltr\" data-wpcf7-id=\"7703\">\n<div class=\"screen-reader-response\"><p role=\"status\" aria-live=\"polite\" aria-atomic=\"true\"><\/p> <ul><\/ul><\/div>\n<form action=\"\/es\/wp-json\/wp\/v2\/pages\/7770#wpcf7-f7703-o1\" method=\"post\" class=\"wpcf7-form init\" aria-label=\"Contact form\" novalidate=\"novalidate\" data-status=\"init\">\n<fieldset class=\"hidden-fields-container\"><input type=\"hidden\" name=\"_wpcf7\" value=\"7703\" \/><input type=\"hidden\" name=\"_wpcf7_version\" value=\"6.1.1\" \/><input type=\"hidden\" name=\"_wpcf7_locale\" value=\"en_US\" \/><input type=\"hidden\" name=\"_wpcf7_unit_tag\" value=\"wpcf7-f7703-o1\" \/><input type=\"hidden\" name=\"_wpcf7_container_post\" value=\"0\" \/><input type=\"hidden\" name=\"_wpcf7_posted_data_hash\" value=\"\" \/>\n<\/fieldset>\n<div class=\"lakit-row\"><div class=\"lakit-col\"><span class=\"wpcf7-form-control-wrap\" data-name=\"your-name\"><input size=\"40\" maxlength=\"400\" class=\"wpcf7-form-control wpcf7-text wpcf7-validates-as-required\" aria-required=\"true\" aria-invalid=\"false\" placeholder=\"Nombre y apellidos\" value=\"\" type=\"text\" name=\"your-name\" \/><\/span><\/div><\/div>\n<div class=\"lakit-row\"><div class=\"lakit-col\"><span class=\"wpcf7-form-control-wrap\" data-name=\"your-phone\"><input size=\"40\" maxlength=\"400\" class=\"wpcf7-form-control wpcf7-text wpcf7-validates-as-required\" aria-required=\"true\" aria-invalid=\"false\" placeholder=\"N\u00famero de tel\u00e9fono\" value=\"\" type=\"text\" name=\"your-phone\" \/><\/span><\/div><\/div>\n<div class=\"lakit-row\"><div class=\"lakit-col\"><span class=\"wpcf7-form-control-wrap\" data-name=\"your-email\"><input size=\"40\" maxlength=\"400\" class=\"wpcf7-form-control wpcf7-email wpcf7-validates-as-required wpcf7-text wpcf7-validates-as-email\" aria-required=\"true\" aria-invalid=\"false\" placeholder=\"Direcci\u00f3n de correo electr\u00f3nico\" value=\"\" type=\"email\" name=\"your-email\" \/><\/span><\/div><\/div>\n<div class=\"lakit-row\"><div class=\"lakit-col\"><span class=\"wpcf7-form-control-wrap\" data-name=\"your-message\"><textarea cols=\"40\" rows=\"10\" maxlength=\"2000\" class=\"wpcf7-form-control wpcf7-textarea wpcf7-validates-as-required\" aria-required=\"true\" aria-invalid=\"false\" placeholder=\"D\u00e9janos un mensaje\" name=\"your-message\"><\/textarea><\/span><\/div><\/div>\n<div class=\"lakit-row\"><div class=\"lakit-col\"><input class=\"wpcf7-form-control wpcf7-submit has-spinner\" type=\"submit\" value=\"Submit\" \/><\/div><\/div><div class=\"wpcf7-response-output\" aria-hidden=\"true\"><\/div>\n<\/form>\n<\/div>\n\t\t\t\t<\/div>\n\t\t\t\t<\/div>\n\t\t\t\t<\/div>\n\t\t\t\t<\/div>\n\t\t","protected":false},"excerpt":{"rendered":"<p>Showroom Bogot\u00e1, Colombia Calle 109 # 15 &#8211; 88 3160278074 Showroom Medell\u00edn, Colombia Carrera 43A # 1A Sur 175 L.120 3160278074 Cont\u00e1ctanos<\/p>\n","protected":false},"author":1,"featured_media":0,"parent":0,"menu_order":0,"comment_status":"closed","ping_status":"closed","template":"","meta":{"_monsterinsights_skip_tracking":false,"_monsterinsights_sitenote_active":false,"_monsterinsights_sitenote_note":"","_monsterinsights_sitenote_category":0,"footnotes":""},"class_list":["post-7770","page","type-page","status-publish","hentry"],"yoast_head":"<!-- This site is optimized with the Yoast SEO plugin v25.8 - https:\/\/yoast.com\/wordpress\/plugins\/seo\/ -->\n<title>Cont\u00e1ctanos - Cosse<\/title>\n<meta name=\"robots\" content=\"index, follow, max-snippet:-1, max-image-preview:large, max-video-preview:-1\" \/>\n<link rel=\"canonical\" href=\"https:\/\/cosse.com.co\/contact-us\/\" \/>\n<meta property=\"og:locale\" content=\"es_ES\" \/>\n<meta property=\"og:type\" content=\"article\" \/>\n<meta property=\"og:title\" content=\"Cont\u00e1ctanos - Cosse\" \/>\n<meta property=\"og:description\" content=\"Showroom Bogot\u00e1, Colombia Calle 109 # 15 &#8211; 88 3160278074 Showroom Medell\u00edn, Colombia Carrera 43A # 1A Sur 175 L.120 3160278074 Cont\u00e1ctanos\" \/>\n<meta property=\"og:url\" content=\"https:\/\/cosse.com.co\/contact-us\/\" \/>\n<meta property=\"og:site_name\" content=\"Cosse\" \/>\n<meta property=\"article:publisher\" content=\"https:\/\/www.facebook.com\/cosseofficial\/\" \/>\n<meta property=\"article:modified_time\" content=\"2024-09-20T20:14:55+00:00\" \/>\n<meta property=\"og:image\" content=\"https:\/\/cosse.com.co\/wp-content\/uploads\/2022\/08\/10-Map.png\" \/>\n<meta name=\"twitter:card\" content=\"summary_large_image\" \/>\n<meta name=\"twitter:label1\" content=\"Tiempo de lectura\" \/>\n\t<meta name=\"twitter:data1\" content=\"1 minuto\" \/>\n<!-- \/ Yoast SEO plugin. -->","yoast_head_json":{"title":"Cont\u00e1ctanos - Cosse","robots":{"index":"index","follow":"follow","max-snippet":"max-snippet:-1","max-image-preview":"max-image-preview:large","max-video-preview":"max-video-preview:-1"},"canonical":"https:\/\/cosse.com.co\/contact-us\/","og_locale":"es_ES","og_type":"article","og_title":"Cont\u00e1ctanos - Cosse","og_description":"Showroom Bogot\u00e1, Colombia Calle 109 # 15 &#8211; 88 3160278074 Showroom Medell\u00edn, Colombia Carrera 43A # 1A Sur 175 L.120 3160278074 Cont\u00e1ctanos","og_url":"https:\/\/cosse.com.co\/contact-us\/","og_site_name":"Cosse","article_publisher":"https:\/\/www.facebook.com\/cosseofficial\/","article_modified_time":"2024-09-20T20:14:55+00:00","og_image":[{"url":"https:\/\/cosse.com.co\/wp-content\/uploads\/2022\/08\/10-Map.png","type":"","width":"","height":""}],"twitter_card":"summary_large_image","twitter_misc":{"Tiempo de lectura":"1 minuto"},"schema":{"@context":"https:\/\/schema.org","@graph":[{"@type":"WebPage","@id":"https:\/\/cosse.com.co\/contact-us\/","url":"https:\/\/cosse.com.co\/contact-us\/","name":"Cont\u00e1ctanos - Cosse","isPartOf":{"@id":"https:\/\/cosse.com.co\/#website"},"primaryImageOfPage":{"@id":"https:\/\/cosse.com.co\/contact-us\/#primaryimage"},"image":{"@id":"https:\/\/cosse.com.co\/contact-us\/#primaryimage"},"thumbnailUrl":"https:\/\/cosse.com.co\/wp-content\/uploads\/2022\/08\/10-Map.png","datePublished":"2023-11-08T23:47:56+00:00","dateModified":"2024-09-20T20:14:55+00:00","breadcrumb":{"@id":"https:\/\/cosse.com.co\/contact-us\/#breadcrumb"},"inLanguage":"es","potentialAction":[{"@type":"ReadAction","target":["https:\/\/cosse.com.co\/contact-us\/"]}]},{"@type":"ImageObject","inLanguage":"es","@id":"https:\/\/cosse.com.co\/contact-us\/#primaryimage","url":"https:\/\/cosse.com.co\/wp-content\/uploads\/2022\/08\/10-Map.png","contentUrl":"https:\/\/cosse.com.co\/wp-content\/uploads\/2022\/08\/10-Map.png"},{"@type":"BreadcrumbList","@id":"https:\/\/cosse.com.co\/contact-us\/#breadcrumb","itemListElement":[{"@type":"ListItem","position":1,"name":"Portada","item":"https:\/\/cosse.com.co\/es\/"},{"@type":"ListItem","position":2,"name":"Cont\u00e1ctanos"}]},{"@type":"WebSite","@id":"https:\/\/cosse.com.co\/#website","url":"https:\/\/cosse.com.co\/","name":"Cosse","description":"","publisher":{"@id":"https:\/\/cosse.com.co\/#organization"},"potentialAction":[{"@type":"SearchAction","target":{"@type":"EntryPoint","urlTemplate":"https:\/\/cosse.com.co\/?s={search_term_string}"},"query-input":{"@type":"PropertyValueSpecification","valueRequired":true,"valueName":"search_term_string"}}],"inLanguage":"es"},{"@type":"Organization","@id":"https:\/\/cosse.com.co\/#organization","name":"Cosse","url":"https:\/\/cosse.com.co\/","logo":{"@type":"ImageObject","inLanguage":"es","@id":"https:\/\/cosse.com.co\/#\/schema\/logo\/image\/","url":"https:\/\/cosse.com.co\/wp-content\/uploads\/2022\/08\/COSSE-LOGO-Y-COLOR.png","contentUrl":"https:\/\/cosse.com.co\/wp-content\/uploads\/2022\/08\/COSSE-LOGO-Y-COLOR.png","width":855,"height":212,"caption":"Cosse"},"image":{"@id":"https:\/\/cosse.com.co\/#\/schema\/logo\/image\/"},"sameAs":["https:\/\/www.facebook.com\/cosseofficial\/","https:\/\/www.instagram.com\/cosse_official\/","https:\/\/api.whatsapp.com\/send?phone=573182583556"]}]}},"_links":{"self":[{"href":"https:\/\/cosse.com.co\/es\/wp-json\/wp\/v2\/pages\/7770","targetHints":{"allow":["GET"]}}],"collection":[{"href":"https:\/\/cosse.com.co\/es\/wp-json\/wp\/v2\/pages"}],"about":[{"href":"https:\/\/cosse.com.co\/es\/wp-json\/wp\/v2\/types\/page"}],"author":[{"embeddable":true,"href":"https:\/\/cosse.com.co\/es\/wp-json\/wp\/v2\/users\/1"}],"replies":[{"embeddable":true,"href":"https:\/\/cosse.com.co\/es\/wp-json\/wp\/v2\/comments?post=7770"}],"version-history":[{"count":36,"href":"https:\/\/cosse.com.co\/es\/wp-json\/wp\/v2\/pages\/7770\/revisions"}],"predecessor-version":[{"id":8470,"href":"https:\/\/cosse.com.co\/es\/wp-json\/wp\/v2\/pages\/7770\/revisions\/8470"}],"wp:attachment":[{"href":"https:\/\/cosse.com.co\/es\/wp-json\/wp\/v2\/media?parent=7770"}],"curies":[{"name":"wp","href":"https:\/\/api.w.org\/{rel}","templated":true}]}}