{"id":7810,"date":"2023-12-21T16:23:47","date_gmt":"2023-12-21T21:23:47","guid":{"rendered":"https:\/\/cosse.com.co\/producto\/raggio-di-fa\/"},"modified":"2024-06-21T14:20:23","modified_gmt":"2024-06-21T19:20:23","slug":"raggio-di-fa","status":"publish","type":"product","link":"https:\/\/cosse.com.co\/es\/producto\/raggio-di-fa\/","title":{"rendered":"Raggio di fa"},"content":{"rendered":"<div class=\"product_desc-row\">\n<div class=\"product_desc-img\"><img fetchpriority=\"high\" decoding=\"async\" class=\"aligncenter size-full\" src=\"https:\/\/cosse.com.co\/wp-content\/uploads\/2023\/12\/sinfonia-de-distincion.jpg\" alt=\"\" width=\"735\" height=\"470\" \/><\/div>\n<div class=\"product_desc-desc\">\n<h4 style=\"font-family: prata;\">Ficha t\u00e9cnica<\/h4>\n<p>Nulla porttitor massa id neque aliquam vestibulum morbi. Tempus iaculis urna id volutpat. Eleifend quam adipiscing vitae proin sagittis nisl rhoncus<\/p>\n<ul>\n<li>Orci nulla pellentesque dignissim enim sit amet.<\/li>\n<li>Tellus molestie nunc non blandit massa enim nec dui.<\/li>\n<li>Pellentesque adipiscing commodo elit<\/li>\n<\/ul>\n<p>&nbsp;<\/p>\n<p>&nbsp;<\/p>\n<p><strong><span style=\"color: #000000;\"><a style=\"color: #000000;\" href=\"#\">Descargar ficha t\u00e9cnica<\/a><\/span><\/strong><\/p>\n<\/div>\n<\/div>\n","protected":false},"excerpt":{"rendered":"<p><span style=\"font-weight: 400;\">En el coraz\u00f3n de la sala, la mesa Raggio di fa despliega su elegancia en madera maciza. La simplicidad es su poes\u00eda, f\u00e1cil de armonizar, mientras el material natural respira calidez, tejida con hilos de bienvenida en cada encuentro.<\/span><\/p>\n","protected":false},"featured_media":7489,"template":"","meta":{"_monsterinsights_skip_tracking":false,"_monsterinsights_sitenote_active":false,"_monsterinsights_sitenote_note":"","_monsterinsights_sitenote_category":0},"product_brand":[],"product_cat":[127],"product_tag":[],"class_list":{"0":"post-7810","1":"product","2":"type-product","3":"status-publish","4":"has-post-thumbnail","6":"product_cat-consola","8":"first","9":"instock","10":"shipping-taxable","11":"product-type-simple"},"yoast_head":"<!-- This site is optimized with the Yoast SEO plugin v25.8 - https:\/\/yoast.com\/wordpress\/plugins\/seo\/ -->\n<title>Raggio di fa - Cosse<\/title>\n<meta name=\"robots\" content=\"index, follow, max-snippet:-1, max-image-preview:large, max-video-preview:-1\" \/>\n<link rel=\"canonical\" href=\"https:\/\/cosse.com.co\/es\/producto\/raggio-di-fa\/\" \/>\n<meta property=\"og:locale\" content=\"es_ES\" \/>\n<meta property=\"og:type\" content=\"article\" \/>\n<meta property=\"og:title\" content=\"Raggio di fa - Cosse\" \/>\n<meta property=\"og:description\" content=\"En el coraz\u00f3n de la sala, la mesa Raggio di fa despliega su elegancia en madera maciza. La simplicidad es su poes\u00eda, f\u00e1cil de armonizar, mientras el material natural respira calidez, tejida con hilos de bienvenida en cada encuentro.\" \/>\n<meta property=\"og:url\" content=\"https:\/\/cosse.com.co\/es\/producto\/raggio-di-fa\/\" \/>\n<meta property=\"og:site_name\" content=\"Cosse\" \/>\n<meta property=\"article:publisher\" content=\"https:\/\/www.facebook.com\/cosseofficial\/\" \/>\n<meta property=\"article:modified_time\" content=\"2024-06-21T19:20:23+00:00\" \/>\n<meta property=\"og:image\" content=\"https:\/\/cosse.com.co\/wp-content\/uploads\/2023\/12\/DSC02158-2-scaled.jpg\" \/>\n\t<meta property=\"og:image:width\" content=\"1920\" \/>\n\t<meta property=\"og:image:height\" content=\"1920\" \/>\n\t<meta property=\"og:image:type\" content=\"image\/jpeg\" \/>\n<meta name=\"twitter:card\" content=\"summary_large_image\" \/>\n<meta name=\"twitter:label1\" content=\"Tiempo de lectura\" \/>\n\t<meta name=\"twitter:data1\" content=\"1 minuto\" \/>\n<!-- \/ Yoast SEO plugin. -->","yoast_head_json":{"title":"Raggio di fa - Cosse","robots":{"index":"index","follow":"follow","max-snippet":"max-snippet:-1","max-image-preview":"max-image-preview:large","max-video-preview":"max-video-preview:-1"},"canonical":"https:\/\/cosse.com.co\/es\/producto\/raggio-di-fa\/","og_locale":"es_ES","og_type":"article","og_title":"Raggio di fa - Cosse","og_description":"En el coraz\u00f3n de la sala, la mesa Raggio di fa despliega su elegancia en madera maciza. La simplicidad es su poes\u00eda, f\u00e1cil de armonizar, mientras el material natural respira calidez, tejida con hilos de bienvenida en cada encuentro.","og_url":"https:\/\/cosse.com.co\/es\/producto\/raggio-di-fa\/","og_site_name":"Cosse","article_publisher":"https:\/\/www.facebook.com\/cosseofficial\/","article_modified_time":"2024-06-21T19:20:23+00:00","og_image":[{"width":1920,"height":1920,"url":"https:\/\/cosse.com.co\/wp-content\/uploads\/2023\/12\/DSC02158-2-scaled.jpg","type":"image\/jpeg"}],"twitter_card":"summary_large_image","twitter_misc":{"Tiempo de lectura":"1 minuto"},"schema":{"@context":"https:\/\/schema.org","@graph":[{"@type":"WebPage","@id":"https:\/\/cosse.com.co\/es\/producto\/raggio-di-fa\/","url":"https:\/\/cosse.com.co\/es\/producto\/raggio-di-fa\/","name":"Raggio di fa - Cosse","isPartOf":{"@id":"https:\/\/cosse.com.co\/#website"},"primaryImageOfPage":{"@id":"https:\/\/cosse.com.co\/es\/producto\/raggio-di-fa\/#primaryimage"},"image":{"@id":"https:\/\/cosse.com.co\/es\/producto\/raggio-di-fa\/#primaryimage"},"thumbnailUrl":"https:\/\/cosse.com.co\/wp-content\/uploads\/2023\/12\/DSC02158-2-scaled.jpg","datePublished":"2023-12-21T21:23:47+00:00","dateModified":"2024-06-21T19:20:23+00:00","breadcrumb":{"@id":"https:\/\/cosse.com.co\/es\/producto\/raggio-di-fa\/#breadcrumb"},"inLanguage":"es","potentialAction":[{"@type":"ReadAction","target":["https:\/\/cosse.com.co\/es\/producto\/raggio-di-fa\/"]}]},{"@type":"ImageObject","inLanguage":"es","@id":"https:\/\/cosse.com.co\/es\/producto\/raggio-di-fa\/#primaryimage","url":"https:\/\/cosse.com.co\/wp-content\/uploads\/2023\/12\/DSC02158-2-scaled.jpg","contentUrl":"https:\/\/cosse.com.co\/wp-content\/uploads\/2023\/12\/DSC02158-2-scaled.jpg","width":1920,"height":1920},{"@type":"BreadcrumbList","@id":"https:\/\/cosse.com.co\/es\/producto\/raggio-di-fa\/#breadcrumb","itemListElement":[{"@type":"ListItem","position":1,"name":"Portada","item":"https:\/\/cosse.com.co\/es\/"},{"@type":"ListItem","position":2,"name":"Shop","item":"https:\/\/cosse.com.co\/shop\/"},{"@type":"ListItem","position":3,"name":"Raggio di fa"}]},{"@type":"WebSite","@id":"https:\/\/cosse.com.co\/#website","url":"https:\/\/cosse.com.co\/","name":"Cosse","description":"","publisher":{"@id":"https:\/\/cosse.com.co\/#organization"},"potentialAction":[{"@type":"SearchAction","target":{"@type":"EntryPoint","urlTemplate":"https:\/\/cosse.com.co\/?s={search_term_string}"},"query-input":{"@type":"PropertyValueSpecification","valueRequired":true,"valueName":"search_term_string"}}],"inLanguage":"es"},{"@type":"Organization","@id":"https:\/\/cosse.com.co\/#organization","name":"Cosse","url":"https:\/\/cosse.com.co\/","logo":{"@type":"ImageObject","inLanguage":"es","@id":"https:\/\/cosse.com.co\/#\/schema\/logo\/image\/","url":"https:\/\/cosse.com.co\/wp-content\/uploads\/2022\/08\/COSSE-LOGO-Y-COLOR.png","contentUrl":"https:\/\/cosse.com.co\/wp-content\/uploads\/2022\/08\/COSSE-LOGO-Y-COLOR.png","width":855,"height":212,"caption":"Cosse"},"image":{"@id":"https:\/\/cosse.com.co\/#\/schema\/logo\/image\/"},"sameAs":["https:\/\/www.facebook.com\/cosseofficial\/","https:\/\/www.instagram.com\/cosse_official\/","https:\/\/api.whatsapp.com\/send?phone=573182583556"]}]}},"_links":{"self":[{"href":"https:\/\/cosse.com.co\/es\/wp-json\/wp\/v2\/product\/7810","targetHints":{"allow":["GET"]}}],"collection":[{"href":"https:\/\/cosse.com.co\/es\/wp-json\/wp\/v2\/product"}],"about":[{"href":"https:\/\/cosse.com.co\/es\/wp-json\/wp\/v2\/types\/product"}],"wp:featuredmedia":[{"embeddable":true,"href":"https:\/\/cosse.com.co\/es\/wp-json\/wp\/v2\/media\/7489"}],"wp:attachment":[{"href":"https:\/\/cosse.com.co\/es\/wp-json\/wp\/v2\/media?parent=7810"}],"wp:term":[{"taxonomy":"product_brand","embeddable":true,"href":"https:\/\/cosse.com.co\/es\/wp-json\/wp\/v2\/product_brand?post=7810"},{"taxonomy":"product_cat","embeddable":true,"href":"https:\/\/cosse.com.co\/es\/wp-json\/wp\/v2\/product_cat?post=7810"},{"taxonomy":"product_tag","embeddable":true,"href":"https:\/\/cosse.com.co\/es\/wp-json\/wp\/v2\/product_tag?post=7810"}],"curies":[{"name":"wp","href":"https:\/\/api.w.org\/{rel}","templated":true}]}}